{"id":2071,"date":"2018-06-08T13:37:42","date_gmt":"2018-06-08T13:37:42","guid":{"rendered":"http:\/\/romyhes.ceesenco.com\/a-propos-de-nous\/"},"modified":"2018-06-08T13:37:55","modified_gmt":"2018-06-08T13:37:55","slug":"a-propos-de-nous","status":"publish","type":"page","link":"https:\/\/www.bulbsbymail.com\/fr\/a-propos-de-nous\/","title":{"rendered":"\u00c0 propos de nous"},"content":{"rendered":"\n<style type=\"text\/css\" data-created_by=\"avia_inline_auto\" id=\"style-css-av-av_section-c47eb7686d72a7ac10e89a934a2b321f\">\n.avia-section.av-av_section-c47eb7686d72a7ac10e89a934a2b321f .av-parallax .av-parallax-inner{\nbackground-repeat:no-repeat;\nbackground-image:url(https:\/\/www.bulbsbymail.com\/wp-content\/uploads\/2018\/05\/owen-williams-89776-unsplash.jpg);\nbackground-position:50% 100%;\nbackground-attachment:scroll;\n}\n.avia-section.av-av_section-c47eb7686d72a7ac10e89a934a2b321f .av-section-color-overlay{\nopacity:0.7;\nbackground-color:#a3a3a3;\n}\n<\/style>\n<div id='av_section_1'  class='avia-section av-av_section-c47eb7686d72a7ac10e89a934a2b321f main_color avia-section-huge avia-no-border-styling  avia-builder-el-0  el_before_av_layout_row  avia-builder-el-first  avia-full-stretch av-parallax-section avia-bg-style-parallax av-section-color-overlay-active av-minimum-height av-minimum-height-50  container_wrap sidebar_right'  data-section-bg-repeat='stretch' data-av_minimum_height_pc='50'><div class='av-parallax' data-avia-parallax-ratio='0.3' ><div class='av-parallax-inner main_color avia-full-stretch'><\/div><\/div><div class=\"av-section-color-overlay-wrap\"><div class=\"av-section-color-overlay\"><\/div><div class='container av-section-cont-open' ><main  role=\"main\" itemprop=\"mainContentOfPage\"  class='template-page content  av-content-small alpha units'><div class='post-entry post-entry-type-page post-entry-2071'><div class='entry-content-wrapper clearfix'>\n\n<style type=\"text\/css\" data-created_by=\"avia_inline_auto\" id=\"style-css-av-av_headline_rotator-44b12ca7cbfb2f197784bbd4a89fd0e3\">\n#top .av-rotator-container.av-av_headline_rotator-44b12ca7cbfb2f197784bbd4a89fd0e3{\ntext-align:center;\ncolor:#ffffff;\n}\n#top #wrap_all .av-rotator-container.av-av_headline_rotator-44b12ca7cbfb2f197784bbd4a89fd0e3 .av-rotator-container-inner{\nfont-size:60px;\n}\n<\/style>\n\n<style type=\"text\/css\" data-created_by=\"avia_inline_auto\" id=\"style-css-sub-av-av_headline_rotator-44b12ca7cbfb2f197784bbd4a89fd0e3\">\n#top .av-rotator-container .av-rotator-text-single.av-av_rotator_item-49bc5ab4816940cd3e879517790230eb{\ncolor:#253849;\n}\n#top .av-rotator-container .av-rotator-text-single.av-av_rotator_item-082809a373c10654712c244ec7f588a3{\ncolor:#253849;\n}\n#top .av-rotator-container .av-rotator-text-single.av-av_rotator_item-ab4168fe44038f7334b5fde6797ed09c{\ncolor:#253849;\n}\n#top .av-rotator-container .av-rotator-text-single.av-av_rotator_item-26a4e170e3f5d911e801bbdda8353576{\ncolor:#253849;\n}\n<\/style>\n<div  class='av-rotator-container av-rotation-container-center av-av_headline_rotator-44b12ca7cbfb2f197784bbd4a89fd0e3  avia-builder-el-1  avia-builder-el-no-sibling  av-after-rotation-text-active' data-interval='3' data-animation='-1'><h3 class='av-rotator-container-inner'>NOUS VOUS OFFRONS LE MEILLEUR<span class='av-rotator-text av-rotator-multiline-on'>\n<span class='av-rotator-text-single av-av_rotator_item-49bc5ab4816940cd3e879517790230eb av-rotator-text-single-1'>FLORAISON PRINTANI\u00c8RE<\/span>\n<span class='av-rotator-text-single av-av_rotator_item-082809a373c10654712c244ec7f588a3 av-rotator-text-single-2'>FLORAISON D\u2019AUTOMNE<\/span>\n<span class='av-rotator-text-single av-av_rotator_item-ab4168fe44038f7334b5fde6797ed09c av-rotator-text-single-3'>GRAINES<\/span>\n<span class='av-rotator-text-single av-av_rotator_item-26a4e170e3f5d911e801bbdda8353576 av-rotator-text-single-4'>ACCESSOIRES<\/span>\n<\/span>AUX PAYS-BAS<\/h3><\/div>\n<\/div><\/div><\/main><!-- close content main element --><\/div><\/div><\/div><div id='av-layout-grid-1'  class='av-layout-grid-container av-av_layout_row-73b84d179282f25d05b20bd585d89cac entry-content-wrapper main_color av-flex-cells  avia-builder-el-2  el_after_av_section  el_before_av_layout_row  grid-row-not-first  container_wrap sidebar_right'  >\n\n<style type=\"text\/css\" data-created_by=\"avia_inline_auto\" id=\"style-css-av-av_cell_one_half-a2741db45eb1318a815a7bf0cbaa92e2\">\n.flex_cell.av-av_cell_one_half-a2741db45eb1318a815a7bf0cbaa92e2{\nvertical-align:middle;\nheight:600px;\nmin-height:600px;\nbackground-color:#ffffff;\n}\n.responsive #top #wrap_all .flex_cell.av-av_cell_one_half-a2741db45eb1318a815a7bf0cbaa92e2{\npadding:150px 150px 150px 150px !important;\n}\n<\/style>\n<div class='flex_cell av-av_cell_one_half-a2741db45eb1318a815a7bf0cbaa92e2 av-gridrow-cell av_one_half no_margin  avia-builder-el-3  el_before_av_cell_one_half  avia-builder-el-first ' ><div class='flex_cell_inner'><p>\n<style type=\"text\/css\" data-created_by=\"avia_inline_auto\" id=\"style-css-av-av_heading-1ee74a84785953cd3b6355158102905f\">\n#top .av-special-heading.av-av_heading-1ee74a84785953cd3b6355158102905f{\npadding-bottom:10px;\nfont-size:30px;\n}\nbody .av-special-heading.av-av_heading-1ee74a84785953cd3b6355158102905f .av-special-heading-tag .heading-char{\nfont-size:25px;\n}\n#top #wrap_all .av-special-heading.av-av_heading-1ee74a84785953cd3b6355158102905f .av-special-heading-tag{\nfont-size:30px;\n}\n.av-special-heading.av-av_heading-1ee74a84785953cd3b6355158102905f .av-subheading{\nfont-size:15px;\n}\n\n@media only screen and (min-width: 480px) and (max-width: 767px){ \n#top #wrap_all .av-special-heading.av-av_heading-1ee74a84785953cd3b6355158102905f .av-special-heading-tag{\nfont-size:0.8em;\n}\n}\n\n@media only screen and (max-width: 479px){ \n#top #wrap_all .av-special-heading.av-av_heading-1ee74a84785953cd3b6355158102905f .av-special-heading-tag{\nfont-size:0.8em;\n}\n}\n<\/style>\n<div  class='av-special-heading av-av_heading-1ee74a84785953cd3b6355158102905f av-special-heading-h3 blockquote modern-quote  avia-builder-el-4  el_before_av_hr  avia-builder-el-first  av-inherit-size'><h3 class='av-special-heading-tag'  itemprop=\"headline\"  >Comment \u00e7a a commenc\u00e9 &#8211; notre id\u00e9e derri\u00e8re Bulbs By Mail<\/h3><div class=\"special-heading-border\"><div class=\"special-heading-inner-border\"><\/div><\/div><\/div><br \/>\n\n<style type=\"text\/css\" data-created_by=\"avia_inline_auto\" id=\"style-css-av-av_hr-125677adc5a412197e704257ba4b8296\">\n#top .hr.av-av_hr-125677adc5a412197e704257ba4b8296{\nmargin-top:30px;\nmargin-bottom:30px;\n}\n.hr.av-av_hr-125677adc5a412197e704257ba4b8296 .hr-inner{\nwidth:50px;\n}\n<\/style>\n<div  class='hr av-av_hr-125677adc5a412197e704257ba4b8296 hr-custom  avia-builder-el-5  el_after_av_heading  el_before_av_textblock  hr-left hr-icon-no'><span class='hr-inner inner-border-av-border-fat'><span class=\"hr-inner-style\"><\/span><\/span><\/div><br \/>\n<section  class='av_textblock_section av-av_textblock-0366cc7376be6c9e82a3e9cc8987b64f'  itemscope=\"itemscope\" itemtype=\"https:\/\/schema.org\/CreativeWork\" ><div class='avia_textblock'  itemprop=\"text\" ><p>Lorem ipsum dolor sit amet, consectetuer adipiscing elit. Aenean commodo ligula eget dolor. Aenean massa. Cum sociis natoque penatibus et magnis dis parturient montes, nascetur ridiculus mus. Donec quam felis, ultricies nec, pellentesque eu, pretium quis, sem. Nulla consequat massa quis enim.<\/p>\n<\/div><\/section><\/p>\n<\/div><\/div>\n<style type=\"text\/css\" data-created_by=\"avia_inline_auto\" id=\"style-css-av-av_cell_one_half-3f6074719a787732a1f195192597252f\">\n.flex_cell.av-av_cell_one_half-3f6074719a787732a1f195192597252f{\nvertical-align:top;\nheight:600px;\nmin-height:600px;\nbackground:url(https:\/\/www.bulbsbymail.com\/wp-content\/uploads\/2015\/03\/hipster-girls-working.jpg) 50% 50% no-repeat scroll ;\n}\n.responsive #top #wrap_all .flex_cell.av-av_cell_one_half-3f6074719a787732a1f195192597252f{\npadding:50px 50px 50px 50px !important;\n}\n<\/style>\n<div class='flex_cell av-av_cell_one_half-3f6074719a787732a1f195192597252f av-gridrow-cell av_one_half no_margin  avia-builder-el-7  el_after_av_cell_one_half  avia-builder-el-last  avia-full-stretch' ><div class='flex_cell_inner'><\/div><\/div>\n<\/div><\/p>\n<div id='av-layout-grid-2'  class='av-layout-grid-container av-av_layout_row-73b84d179282f25d05b20bd585d89cac entry-content-wrapper main_color av-flex-cells  avia-builder-el-8  el_after_av_layout_row  avia-builder-el-last  grid-row-not-first  container_wrap sidebar_right'  >\n\n<style type=\"text\/css\" data-created_by=\"avia_inline_auto\" id=\"style-css-av-av_cell_one_half-c10519dd2d2c4ce972864217a4409f4a\">\n.flex_cell.av-av_cell_one_half-c10519dd2d2c4ce972864217a4409f4a{\nvertical-align:middle;\nheight:600px;\nmin-height:600px;\nbackground:url(https:\/\/www.bulbsbymail.com\/wp-content\/uploads\/2015\/03\/people_town-845x684.jpg) 0% 0% no-repeat scroll #6786a1;\n}\n.responsive #top #wrap_all .flex_cell.av-av_cell_one_half-c10519dd2d2c4ce972864217a4409f4a{\npadding:50px 50px 50px 50px !important;\n}\n<\/style>\n<div class='flex_cell av-av_cell_one_half-c10519dd2d2c4ce972864217a4409f4a av-gridrow-cell av_one_half no_margin  avia-builder-el-9  el_before_av_cell_one_half  avia-builder-el-first ' ><div class='flex_cell_inner'><\/div><\/div>\n<style type=\"text\/css\" data-created_by=\"avia_inline_auto\" id=\"style-css-av-av_cell_one_half-cac043b9f08725f9a3c48be07c7af95c\">\n.flex_cell.av-av_cell_one_half-cac043b9f08725f9a3c48be07c7af95c{\nvertical-align:top;\nheight:600px;\nmin-height:600px;\n}\n.responsive #top #wrap_all .flex_cell.av-av_cell_one_half-cac043b9f08725f9a3c48be07c7af95c{\npadding:50px 50px 50px 50px !important;\n}\n<\/style>\n<div class='flex_cell av-av_cell_one_half-cac043b9f08725f9a3c48be07c7af95c av-gridrow-cell av_one_half no_margin  avia-builder-el-10  el_after_av_cell_one_half  avia-builder-el-last  avia-full-stretch' ><div class='flex_cell_inner'><p>\n<style type=\"text\/css\" data-created_by=\"avia_inline_auto\" id=\"style-css-av-av_heading-9a40e7e878cf91c7054cadf331d8d2c5\">\n#top .av-special-heading.av-av_heading-9a40e7e878cf91c7054cadf331d8d2c5{\npadding-bottom:10px;\ncolor:#000000;\nfont-size:30px;\n}\nbody .av-special-heading.av-av_heading-9a40e7e878cf91c7054cadf331d8d2c5 .av-special-heading-tag .heading-char{\nfont-size:25px;\n}\n#top #wrap_all .av-special-heading.av-av_heading-9a40e7e878cf91c7054cadf331d8d2c5 .av-special-heading-tag{\nfont-size:30px;\n}\n.av-special-heading.av-av_heading-9a40e7e878cf91c7054cadf331d8d2c5 .special-heading-inner-border{\nborder-color:#000000;\n}\n.av-special-heading.av-av_heading-9a40e7e878cf91c7054cadf331d8d2c5 .av-subheading{\nfont-size:15px;\n}\n\n@media only screen and (min-width: 480px) and (max-width: 767px){ \n#top #wrap_all .av-special-heading.av-av_heading-9a40e7e878cf91c7054cadf331d8d2c5 .av-special-heading-tag{\nfont-size:0.8em;\n}\n}\n\n@media only screen and (max-width: 479px){ \n#top #wrap_all .av-special-heading.av-av_heading-9a40e7e878cf91c7054cadf331d8d2c5 .av-special-heading-tag{\nfont-size:0.8em;\n}\n}\n<\/style>\n<div  class='av-special-heading av-av_heading-9a40e7e878cf91c7054cadf331d8d2c5 av-special-heading-h3 custom-color-heading blockquote modern-quote  avia-builder-el-11  el_before_av_hr  avia-builder-el-first  av-inherit-size'><h3 class='av-special-heading-tag'  itemprop=\"headline\"  >The Future of the Enfold Franchise &#8211; nothing can stop us \ud83d\ude42<\/h3><div class=\"special-heading-border\"><div class=\"special-heading-inner-border\"><\/div><\/div><\/div><br \/>\n\n<style type=\"text\/css\" data-created_by=\"avia_inline_auto\" id=\"style-css-av-av_hr-adf31126c0f14fcaeaaa3a3089d68ca4\">\n#top .hr.av-av_hr-adf31126c0f14fcaeaaa3a3089d68ca4{\nmargin-top:30px;\nmargin-bottom:30px;\n}\n.hr.av-av_hr-adf31126c0f14fcaeaaa3a3089d68ca4 .hr-inner{\nwidth:50px;\nborder-color:#000000;\n}\n<\/style>\n<div  class='hr av-av_hr-adf31126c0f14fcaeaaa3a3089d68ca4 hr-custom  avia-builder-el-12  el_after_av_heading  el_before_av_textblock  hr-left hr-icon-no'><span class='hr-inner inner-border-av-border-fat'><span class=\"hr-inner-style\"><\/span><\/span><\/div><br \/>\n\n<style type=\"text\/css\" data-created_by=\"avia_inline_auto\" id=\"style-css-av-av_textblock-3de333fb55a75c07de9d7c9e1dc21319\">\n#top .av_textblock_section.av-av_textblock-3de333fb55a75c07de9d7c9e1dc21319 .avia_textblock{\ncolor:#000000;\n}\n<\/style>\n<section  class='av_textblock_section av-av_textblock-3de333fb55a75c07de9d7c9e1dc21319'  itemscope=\"itemscope\" itemtype=\"https:\/\/schema.org\/CreativeWork\" ><div class='avia_textblock av_inherit_color'  itemprop=\"text\" ><p>Lorem ipsum dolor sit amet, consectetuer adipiscing elit. Aenean commodo ligula eget dolor. Aenean massa. Cum sociis natoque penatibus et magnis dis parturient montes, nascetur ridiculus mus. Donec quam felis, ultricies nec, pellentesque eu, pretium quis, sem. Nulla consequat massa quis enim.<\/p>\n<\/div><\/section><\/p>\n<\/div><\/div>\n<\/div>\n","protected":false},"excerpt":{"rendered":"","protected":false},"author":1,"featured_media":0,"parent":0,"menu_order":0,"comment_status":"open","ping_status":"open","template":"","meta":{"footnotes":""},"class_list":["post-2071","page","type-page","status-publish","hentry"],"_links":{"self":[{"href":"https:\/\/www.bulbsbymail.com\/fr\/wp-json\/wp\/v2\/pages\/2071","targetHints":{"allow":["GET"]}}],"collection":[{"href":"https:\/\/www.bulbsbymail.com\/fr\/wp-json\/wp\/v2\/pages"}],"about":[{"href":"https:\/\/www.bulbsbymail.com\/fr\/wp-json\/wp\/v2\/types\/page"}],"author":[{"embeddable":true,"href":"https:\/\/www.bulbsbymail.com\/fr\/wp-json\/wp\/v2\/users\/1"}],"replies":[{"embeddable":true,"href":"https:\/\/www.bulbsbymail.com\/fr\/wp-json\/wp\/v2\/comments?post=2071"}],"version-history":[{"count":8,"href":"https:\/\/www.bulbsbymail.com\/fr\/wp-json\/wp\/v2\/pages\/2071\/revisions"}],"predecessor-version":[{"id":2079,"href":"https:\/\/www.bulbsbymail.com\/fr\/wp-json\/wp\/v2\/pages\/2071\/revisions\/2079"}],"wp:attachment":[{"href":"https:\/\/www.bulbsbymail.com\/fr\/wp-json\/wp\/v2\/media?parent=2071"}],"curies":[{"name":"wp","href":"https:\/\/api.w.org\/{rel}","templated":true}]}}